{"id":3132,"date":"2022-08-01T17:48:31","date_gmt":"2022-08-01T15:48:31","guid":{"rendered":"https:\/\/egchrist.org\/requetes-de-prieres\/"},"modified":"2025-11-03T16:13:17","modified_gmt":"2025-11-03T15:13:17","slug":"prayer-requests","status":"publish","type":"page","link":"https:\/\/egchrist.org\/en\/prayer-requests\/","title":{"rendered":"Prayer requests"},"content":{"rendered":"\t\t<div data-elementor-type=\"wp-page\" data-elementor-id=\"3132\" class=\"elementor elementor-3132 elementor-2548\" data-elementor-post-type=\"page\">\n\t\t\t\t<div class=\"elementor-element elementor-element-9cb1a2a e-flex e-con-boxed e-con e-parent\" data-id=\"9cb1a2a\" data-element_type=\"container\" data-e-type=\"container\">\n\t\t\t\t\t<div class=\"e-con-inner\">\n\t\t\t\t<div class=\"elementor-element elementor-element-8a8eca3 elementor-widget elementor-widget-image\" data-id=\"8a8eca3\" data-element_type=\"widget\" data-e-type=\"widget\" data-widget_type=\"image.default\">\n\t\t\t\t<div class=\"elementor-widget-container\">\n\t\t\t\t\t\t\t\t\t\t\t\t\t\t\t<img fetchpriority=\"high\" decoding=\"async\" width=\"680\" height=\"381\" src=\"https:\/\/egchrist.org\/wp-content\/uploads\/2025\/07\/3f63e9ef-7237-46fc-b6d9-20a21b27948e-1024x573.jpeg\" class=\"attachment-large size-large wp-image-3440\" alt=\"priar\" srcset=\"https:\/\/egchrist.org\/wp-content\/uploads\/2025\/07\/3f63e9ef-7237-46fc-b6d9-20a21b27948e-1024x573.jpeg 1024w, https:\/\/egchrist.org\/wp-content\/uploads\/2025\/07\/3f63e9ef-7237-46fc-b6d9-20a21b27948e-300x168.jpeg 300w, https:\/\/egchrist.org\/wp-content\/uploads\/2025\/07\/3f63e9ef-7237-46fc-b6d9-20a21b27948e-768x430.jpeg 768w, https:\/\/egchrist.org\/wp-content\/uploads\/2025\/07\/3f63e9ef-7237-46fc-b6d9-20a21b27948e-958x536.jpeg 958w, https:\/\/egchrist.org\/wp-content\/uploads\/2025\/07\/3f63e9ef-7237-46fc-b6d9-20a21b27948e.jpeg 1235w\" sizes=\"(max-width: 680px) 100vw, 680px\" \/>\t\t\t\t\t\t\t\t\t\t\t\t\t\t\t<\/div>\n\t\t\t\t<\/div>\n\t\t\t\t<div class=\"elementor-element elementor-element-e381f0c elementor-widget elementor-widget-shortcode\" data-id=\"e381f0c\" data-element_type=\"widget\" data-e-type=\"widget\" data-widget_type=\"shortcode.default\">\n\t\t\t\t<div class=\"elementor-widget-container\">\n\t\t\t\t\t<!-- prayer submit form -->\n        \n<div id=\"ipray-submit-container\" class=\"ipray-forms-common\">\n    <div class=\"ipray-links\">\n            <a class=\"btn btn-primary\" data-close=\"Close Prayer Request Form\" data-open=\"Share Your Request or Praise\" id=\"ipray-share-button\" href=\"javascript:;\">\n                Share Your Request or Praise            <\/a>\n            <a class=\"btn btn-default\" data-close=\"Close alerts Form\" data-open=\"Get alerts when new prayers post\" id=\"ipray-subscribe-button\" href=\"javascript:;\">\n                Get alerts when new prayers post            <\/a>\n        <\/div>\n    <div id=\"ipray-prayers-container\" style=\"display: none;\">\n        <h3>Add new prayer<\/h3>\t\t\t\n        \n        <p class=\"ipray-instructions\"> Form instructions comes here<\/p>\n    \n        <form id=\"ipray-prayer-submit-form\" class=\"ipform-child-theme\" name=\"ipray-prayer-submit-form\" method=\"post\" action=\"\">\n            <div class=\"row\">\n                <div class=\"col-md-6\">\n                    <div class=\"row\">\n                        <div class=\"col-md-4\"><label for=\"name\">Your Name:<\/label><\/div>\n                        <div class=\"col-md-8\"><input type=\"text\" tabindex=\"1\" id=\"name\" value=\"\" name=\"name\" class=\"form-control\"><\/div>\n                    <\/div>\n                    <div class=\"row\">\n                        <div class=\"col-md-4\"><label for=\"email\">Your Email:<\/label><\/div>\n                        <div class=\"col-md-8\"><input type=\"text\" tabindex=\"2\" id=\"email\" value=\"\" name=\"email\" class=\"form-control\"><\/div>\n                    <\/div>\n                    <div class=\"row\">\n                        <div class=\"col-md-4\"><label for=\"phone\">Your Phone:<\/label><\/div>\n                        <div class=\"col-md-8\"><input type=\"text\" tabindex=\"3\" id=\"phone\" value=\"\" name=\"phone\" class=\"form-control\"><\/div>\n                    <\/div>\n\t\t\t\t\t<!--\n                    <div class=\"row\" >\n                        <div class=\"col-md-4\"><label for=\"desired_share_option\">Share it<\/label><\/div>\n                        <div class=\"col-md-8\">\n                            <select tabindex=\"4\" id=\"desired_share_option\" name=\"desired_share_option\" class=\"form-control\">\n                                <option value=\"0\">Share this<\/option>\n                                                                <option value=\"1\">\n                                    Share this anonymously                                <\/option>\n                                                                <option value=\"2\">\n                                Do not share this                                <\/option>\n                            <\/select>\n                        <\/div>\n                    <\/div>\n\t\t\t\t\t-->\n                    <div class=\"row\">\n                        <div class=\"col-md-4\"><label for=\"prayer\">Your prayer request:<\/label><\/div>\n                        <div class=\"col-md-8\"><textarea tabindex=\"5\" id=\"prayer\" cols=\"\" rows=\"5\" name=\"prayer\" class=\"form-control\"><\/textarea><\/div>\n                    <\/div>\n                    <div class=\"row\">\n                        <div class=\"col-md-4\"> <\/div>\n                        <div class=\"col-md-8\">\n                            <div id=\"ipray-submit-area\">\n                                                                <label class=\"checkbox\">\n                                    <input type=\"checkbox\" tabindex=\"6\" class=\"check\" value=\"1\" id=\"notifyme\" name=\"notifyme\">\n                                    Email me when someone prays for me                                <\/label>\n                                                                <input type=\"hidden\" name=\"requesturi\" value=\"L2VuL3dwLWpzb24vd3AvdjIvcGFnZXMvMzEzMg==\" \/>\n                                <input type=\"hidden\" name=\"action\" value=\"prayer_submit\" \/>\n                                <input type=\"submit\" tabindex=\"9\" class=\"submit btn btn-primary btn-block\" value=\"Submit Request\">\n                            <\/div>\n                        <\/div>\n                    <\/div>\n                <\/div>\n            <\/div>\n        <\/form>\n    <\/div>\n<\/div>         \n<!-- prayer submit form end -->\n<!-- prayer newsletter --> \n<div id=\"newsletter-container\" class=\"ipray-forms-common\" style=\"display: none;\">\t\n\t<h3>Get new prayers updates<\/h3>\n    <div class=\"row\">\n    <form id=\"ipray-newsletter-form\" class=\"col-md-6\" name=\"ipray-newsletter-form\" method=\"post\" action=\"\">\n        <label for=\"email\">Email:<\/label>\n         <input type=\"text\" maxlength=\"70\" name=\"email\" class=\"form-control\">\n         <input type=\"hidden\" name=\"action\" value=\"newsletter_subscribe\" \/>\n        <input type=\"submit\" value=\"Subscribe\" class=\"btn btn-primary\">\n    <\/form>\n    <\/div>\n<\/div><!-- prayer newsletter end -->\n      <!-- prayer container --> \n<div class=\"ipray-main-container\">\n<div id=\"ipray-notifications\" data-requesturi=\"L2VuL3dwLWpzb24vd3AvdjIvcGFnZXMvMzEzMg==\" data-sending-text=\"Sending...\" data-success-msg=\"Pri\u00e8re publi\u00e9e avec succ\u00e8s.\" data-error-msg=\"Oops!! Something went wrong! Please try again!\"><\/div>\n      <div class=\"ipray-results-pagination\"><\/div>\n            <div class=\"ipray-search-results\">\n                  <div class=\"ipray-results-page\" data-msg-data-not-found=\"No prayers found\">\n                  <\/div>\n                    <div class=\"ipray-loading\" style='text-align: center; display: none;'>\n                        <img decoding=\"async\" src=\"https:\/\/egchrist.org\/wp-content\/plugins\/ipray\/\/public\/templates\/images\/Loader.gif\" alt=\"Loading...\" \/>\n                     <\/div>    \n            <\/div>  \n              \n       <div class=\"ipray-results-pagination\"><\/div>\n<\/div>\n <!-- prayer container end --> \n<form name=\"ipraylistHiddenForm\" id=\"ipraylistHiddenForm\" method=\"get\" action=\"https:\/\/egchrist.org\/wp-content\/mu-plugins\/ipray-override\/templates\/..\/ipray_utility.php\">\n    <input type=\"hidden\" name=\"action\" value=\"ipray-list\"><input type=\"hidden\" name=\"per_page\" value=\"10\"><input type=\"hidden\" name=\"start\" value=\"0\"><input type=\"hidden\" name=\"lang\" value=\"en\"><input type=\"hidden\" name=\"uid\" value=\"\"><input type=\"hidden\" name=\"uemail\" value=\"\"><\/form>\n<script type=\"text\/javascript\">\n\n    \n\n<\/script>\n\t\t<div class=\"elementor-shortcode\"><\/div>\n\t\t\t\t\t\t<\/div>\n\t\t\t\t<\/div>\n\t\t\t\t\t<\/div>\n\t\t\t\t<\/div>\n\t\t\t\t<\/div>\n\t\t","protected":false},"excerpt":{"rendered":"","protected":false},"author":1,"featured_media":0,"parent":0,"menu_order":0,"comment_status":"closed","ping_status":"closed","template":"","meta":{"_acf_changed":false,"footnotes":""},"class_list":["post-3132","page","type-page","status-publish","hentry"],"acf":[],"meta_box":[],"_links":{"self":[{"href":"https:\/\/egchrist.org\/en\/wp-json\/wp\/v2\/pages\/3132","targetHints":{"allow":["GET"]}}],"collection":[{"href":"https:\/\/egchrist.org\/en\/wp-json\/wp\/v2\/pages"}],"about":[{"href":"https:\/\/egchrist.org\/en\/wp-json\/wp\/v2\/types\/page"}],"author":[{"embeddable":true,"href":"https:\/\/egchrist.org\/en\/wp-json\/wp\/v2\/users\/1"}],"replies":[{"embeddable":true,"href":"https:\/\/egchrist.org\/en\/wp-json\/wp\/v2\/comments?post=3132"}],"version-history":[{"count":13,"href":"https:\/\/egchrist.org\/en\/wp-json\/wp\/v2\/pages\/3132\/revisions"}],"predecessor-version":[{"id":3774,"href":"https:\/\/egchrist.org\/en\/wp-json\/wp\/v2\/pages\/3132\/revisions\/3774"}],"wp:attachment":[{"href":"https:\/\/egchrist.org\/en\/wp-json\/wp\/v2\/media?parent=3132"}],"curies":[{"name":"wp","href":"https:\/\/api.w.org\/{rel}","templated":true}]}}